{"id":8638,"date":"2026-04-23T06:49:11","date_gmt":"2026-04-23T06:49:11","guid":{"rendered":"https:\/\/greenreality.mauri.posso.fi\/?page_id=8638"},"modified":"2026-04-23T06:54:34","modified_gmt":"2026-04-23T06:54:34","slug":"events","status":"publish","type":"page","link":"https:\/\/greenreality.mauri.posso.fi\/en\/events\/","title":{"rendered":"Events"},"content":{"rendered":"\n<div class=\"wp-block-custom-blocks-lead lead-block lead-block--default\"><div class=\"lead-container\">\t<div class=\"event-list\">\n\t\t\t\t\t<h2 class=\"event-list__title\">Events<\/h2>\n\t\t\n\t\t\t\t\t<div class=\"event-list__grid\">\n\t\t\t\t\t<article class=\"event-card post-8632 event type-event status-publish has-post-thumbnail hentry\">\n\t\t<a class=\"event-card__inner\" href=\"https:\/\/greenreality.mauri.posso.fi\/en\/event\/defence-tech-ja-dual-use-etela-karjalan-tulevaisuudentekijoina-seminaari\/\">\n\t\t\t<div class=\"event-card__media\" aria-hidden=\"true\">\n\t\t\t\t\t<img loading=\"lazy\" decoding=\"async\" width=\"520\" height=\"480\" src=\"https:\/\/greenreality.mauri.posso.fi\/wp-content\/uploads\/2026\/04\/LUT-aula-520x480.jpg\" class=\"event-card__img wp-post-image\" alt=\"LUT-yliopiston aula.\" \/>\t\t\t<\/div>\n\t\t\t<div class=\"event-card__body\">\n\t\t\t\t<h3 class=\"event-card__title\">Defence Tech ja Dual-use Etel\u00e4-Karjalan tulevaisuudentekij\u00f6in\u00e4 &#8211; seminaari<\/h3>\n\t\t\t\t<p class=\"event-card__start\">\n\t\t\t\t\t<i class=\"far fa-calendar-alt event-card__start-icon\" aria-hidden=\"true\"><\/i>\n\t\t\t\t\t<span class=\"event-card__start-label\">\n\t\t\t\t\t\tStarts: 19.5.2026 10:00\t\t\t\t\t<\/span>\n\t\t\t\t<\/p>\n\t\t\t\t<span class=\"event-card__read-more\">\n\t\t\t\t\tRead more\t\t\t\t\t<i class=\"fas fa-arrow-right event-card__read-more-icon\" aria-hidden=\"true\"><\/i>\n\t\t\t\t<\/span>\n\t\t\t<\/div>\n\t\t<\/a>\n\t<\/article>\n\t\t<article class=\"event-card post-8623 event type-event status-publish has-post-thumbnail hentry\">\n\t\t<a class=\"event-card__inner\" href=\"https:\/\/greenreality.mauri.posso.fi\/en\/event\/fame-symposium-2026-industrializing-research-in-additive-manufacturing\/\">\n\t\t\t<div class=\"event-card__media\" aria-hidden=\"true\">\n\t\t\t\t\t<img loading=\"lazy\" decoding=\"async\" width=\"520\" height=\"480\" src=\"https:\/\/greenreality.mauri.posso.fi\/wp-content\/uploads\/2026\/04\/FAME-Symposium-Invitation-520x480.png\" class=\"event-card__img wp-post-image\" alt=\"FAME Symposium -mainos, jossa sinisell\u00e4 pohjalla kuva LUT-yliopistosta perustiedot tapahtumasta.tiedot\" \/>\t\t\t<\/div>\n\t\t\t<div class=\"event-card__body\">\n\t\t\t\t<h3 class=\"event-card__title\">FAME Symposium 2026 \u2013 Industrializing Research in Additive Manufacturing<\/h3>\n\t\t\t\t<p class=\"event-card__start\">\n\t\t\t\t\t<i class=\"far fa-calendar-alt event-card__start-icon\" aria-hidden=\"true\"><\/i>\n\t\t\t\t\t<span class=\"event-card__start-label\">\n\t\t\t\t\t\tStarts: 21.5.2026 8:15\t\t\t\t\t<\/span>\n\t\t\t\t<\/p>\n\t\t\t\t<span class=\"event-card__read-more\">\n\t\t\t\t\tRead more\t\t\t\t\t<i class=\"fas fa-arrow-right event-card__read-more-icon\" aria-hidden=\"true\"><\/i>\n\t\t\t\t<\/span>\n\t\t\t<\/div>\n\t\t<\/a>\n\t<\/article>\n\t\t<article class=\"event-card post-8620 event type-event status-publish has-post-thumbnail hentry\">\n\t\t<a class=\"event-card__inner\" href=\"https:\/\/greenreality.mauri.posso.fi\/en\/event\/pikaverkostoitumista-yli-toimialarajojen\/\">\n\t\t\t<div class=\"event-card__media\" aria-hidden=\"true\">\n\t\t\t\t\t<img loading=\"lazy\" decoding=\"async\" width=\"520\" height=\"411\" src=\"https:\/\/greenreality.mauri.posso.fi\/wp-content\/uploads\/2026\/04\/Nayttokuva-2026-04-09-141750-520x411.png\" class=\"event-card__img wp-post-image\" alt=\"Vihre\u00e4 Greenreality-logo sek\u00e4 EU-logo, kolme k\u00e4tt\u00e4 pit\u00e4m\u00e4ss\u00e4 kahvikuppeja vastakkain.\" \/>\t\t\t<\/div>\n\t\t\t<div class=\"event-card__body\">\n\t\t\t\t<h3 class=\"event-card__title\">Pikaverkostoitumista yli toimialarajojen<\/h3>\n\t\t\t\t<p class=\"event-card__start\">\n\t\t\t\t\t<i class=\"far fa-calendar-alt event-card__start-icon\" aria-hidden=\"true\"><\/i>\n\t\t\t\t\t<span class=\"event-card__start-label\">\n\t\t\t\t\t\tStarts: 21.5.2026 9:00\t\t\t\t\t<\/span>\n\t\t\t\t<\/p>\n\t\t\t\t<span class=\"event-card__read-more\">\n\t\t\t\t\tRead more\t\t\t\t\t<i class=\"fas fa-arrow-right event-card__read-more-icon\" aria-hidden=\"true\"><\/i>\n\t\t\t\t<\/span>\n\t\t\t<\/div>\n\t\t<\/a>\n\t<\/article>\n\t\t<article class=\"event-card post-8629 event type-event status-publish has-post-thumbnail hentry\">\n\t\t<a class=\"event-card__inner\" href=\"https:\/\/greenreality.mauri.posso.fi\/en\/event\/imatranajo-business-day\/\">\n\t\t\t<div class=\"event-card__media\" aria-hidden=\"true\">\n\t\t\t\t\t<img loading=\"lazy\" decoding=\"async\" width=\"520\" height=\"480\" src=\"https:\/\/greenreality.mauri.posso.fi\/wp-content\/uploads\/2026\/04\/Nayttokuva-2026-04-15-112921_0-520x480.png\" class=\"event-card__img wp-post-image\" alt=\"Urheilutapahtuma, jossa etualalla urheilija ojentamassa k\u00e4tt\u00e4 yleis\u00f6n k\u00e4siin. Taustalla yleis\u00f6\u00e4.\" \/>\t\t\t<\/div>\n\t\t\t<div class=\"event-card__body\">\n\t\t\t\t<h3 class=\"event-card__title\">Imatranajo Business Day<\/h3>\n\t\t\t\t<p class=\"event-card__start\">\n\t\t\t\t\t<i class=\"far fa-calendar-alt event-card__start-icon\" aria-hidden=\"true\"><\/i>\n\t\t\t\t\t<span class=\"event-card__start-label\">\n\t\t\t\t\t\tStarts: 3.7.2026 12:00\t\t\t\t\t<\/span>\n\t\t\t\t<\/p>\n\t\t\t\t<span class=\"event-card__read-more\">\n\t\t\t\t\tRead more\t\t\t\t\t<i class=\"fas fa-arrow-right event-card__read-more-icon\" aria-hidden=\"true\"><\/i>\n\t\t\t\t<\/span>\n\t\t\t<\/div>\n\t\t<\/a>\n\t<\/article>\n\t\t<article class=\"event-card post-8618 event type-event status-publish has-post-thumbnail hentry\">\n\t\t<a class=\"event-card__inner\" href=\"https:\/\/greenreality.mauri.posso.fi\/en\/event\/etela-karjalan-teollisuustreffit-2026\/\">\n\t\t\t<div class=\"event-card__media\" aria-hidden=\"true\">\n\t\t\t\t\t<img loading=\"lazy\" decoding=\"async\" width=\"520\" height=\"480\" src=\"https:\/\/greenreality.mauri.posso.fi\/wp-content\/uploads\/2026\/04\/Teollisuustreffit-520x480.jpg\" class=\"event-card__img wp-post-image\" alt=\"Tapahtumatilassa mies pit\u00e4m\u00e4ss\u00e4 puheenvuoroa seisoen ja ihmisi\u00e4 istumassa yleis\u00f6n\u00e4.\" \/>\t\t\t<\/div>\n\t\t\t<div class=\"event-card__body\">\n\t\t\t\t<h3 class=\"event-card__title\">Etel\u00e4-Karjalan Teollisuustreffit 2026<\/h3>\n\t\t\t\t<p class=\"event-card__start\">\n\t\t\t\t\t<i class=\"far fa-calendar-alt event-card__start-icon\" aria-hidden=\"true\"><\/i>\n\t\t\t\t\t<span class=\"event-card__start-label\">\n\t\t\t\t\t\tStarts: 27.10.2026 12:00\t\t\t\t\t<\/span>\n\t\t\t\t<\/p>\n\t\t\t\t<span class=\"event-card__read-more\">\n\t\t\t\t\tRead more\t\t\t\t\t<i class=\"fas fa-arrow-right event-card__read-more-icon\" aria-hidden=\"true\"><\/i>\n\t\t\t\t<\/span>\n\t\t\t<\/div>\n\t\t<\/a>\n\t<\/article>\n\t\t\t\t<\/div>\n\t\t\n\t\t\n\t\t\t\t\t\t<section class=\"event-list__archive\" aria-label=\"Event archive\">\n\t\t\t\t\t<h2 class=\"event-list__archive-title\">Event archive<\/h2>\n\t\t\t\t\t<div class=\"event-list__archive-years\">\n\t\t\t\t\t\t<a class=\"event-list__archive-year\" href=\"https:\/\/greenreality.mauri.posso.fi\/en\/wp-json\/wp\/v2\/pages\/8638?event_year=2026\">2026<\/a>\t\t\t\t\t<\/div>\n\t\t\t\t<\/section>\n\t\t\t\t\t<\/div>\n\t\n<\/div><\/div>\n","protected":false},"excerpt":{"rendered":"","protected":false},"author":1,"featured_media":0,"parent":0,"menu_order":0,"comment_status":"closed","ping_status":"closed","template":"","meta":{"_acf_changed":false,"footnotes":""},"class_list":["post-8638","page","type-page","status-publish","hentry"],"acf":[],"yoast_head":"<!-- This site is optimized with the Yoast SEO plugin v27.5 - https:\/\/yoast.com\/product\/yoast-seo-wordpress\/ -->\n<title>Events - Greenreality<\/title>\n<meta name=\"robots\" content=\"noindex, follow, max-snippet:-1, max-image-preview:large, max-video-preview:-1\" \/>\n<meta property=\"og:locale\" content=\"en_US\" \/>\n<meta property=\"og:type\" content=\"article\" \/>\n<meta property=\"og:title\" content=\"Events - Greenreality\" \/>\n<meta property=\"og:url\" content=\"https:\/\/greenreality.mauri.posso.fi\/en\/events\/\" \/>\n<meta property=\"og:site_name\" content=\"Greenreality\" \/>\n<meta property=\"article:modified_time\" content=\"2026-04-23T06:54:34+00:00\" \/>\n<meta name=\"twitter:card\" content=\"summary_large_image\" \/>\n<script type=\"application\/ld+json\" class=\"yoast-schema-graph\">{\"@context\":\"https:\\\/\\\/schema.org\",\"@graph\":[{\"@type\":\"WebPage\",\"@id\":\"https:\\\/\\\/greenreality.mauri.posso.fi\\\/en\\\/events\\\/\",\"url\":\"https:\\\/\\\/greenreality.mauri.posso.fi\\\/en\\\/events\\\/\",\"name\":\"Events - Greenreality\",\"isPartOf\":{\"@id\":\"https:\\\/\\\/greenreality.mauri.posso.fi\\\/#website\"},\"datePublished\":\"2026-04-23T06:49:11+00:00\",\"dateModified\":\"2026-04-23T06:54:34+00:00\",\"breadcrumb\":{\"@id\":\"https:\\\/\\\/greenreality.mauri.posso.fi\\\/en\\\/events\\\/#breadcrumb\"},\"inLanguage\":\"en-US\",\"potentialAction\":[{\"@type\":\"ReadAction\",\"target\":[\"https:\\\/\\\/greenreality.mauri.posso.fi\\\/en\\\/events\\\/\"]}]},{\"@type\":\"BreadcrumbList\",\"@id\":\"https:\\\/\\\/greenreality.mauri.posso.fi\\\/en\\\/events\\\/#breadcrumb\",\"itemListElement\":[{\"@type\":\"ListItem\",\"position\":1,\"name\":\"Etusivu\",\"item\":\"https:\\\/\\\/greenreality.mauri.posso.fi\\\/en\\\/\"},{\"@type\":\"ListItem\",\"position\":2,\"name\":\"Events\"}]},{\"@type\":\"WebSite\",\"@id\":\"https:\\\/\\\/greenreality.mauri.posso.fi\\\/#website\",\"url\":\"https:\\\/\\\/greenreality.mauri.posso.fi\\\/\",\"name\":\"Greenreality\",\"description\":\"\",\"publisher\":{\"@id\":\"https:\\\/\\\/greenreality.mauri.posso.fi\\\/#organization\"},\"potentialAction\":[{\"@type\":\"SearchAction\",\"target\":{\"@type\":\"EntryPoint\",\"urlTemplate\":\"https:\\\/\\\/greenreality.mauri.posso.fi\\\/?s={search_term_string}\"},\"query-input\":{\"@type\":\"PropertyValueSpecification\",\"valueRequired\":true,\"valueName\":\"search_term_string\"}}],\"inLanguage\":\"en-US\"},{\"@type\":\"Organization\",\"@id\":\"https:\\\/\\\/greenreality.mauri.posso.fi\\\/#organization\",\"name\":\"Greenreality\",\"url\":\"https:\\\/\\\/greenreality.mauri.posso.fi\\\/\",\"logo\":{\"@type\":\"ImageObject\",\"inLanguage\":\"en-US\",\"@id\":\"https:\\\/\\\/greenreality.mauri.posso.fi\\\/#\\\/schema\\\/logo\\\/image\\\/\",\"url\":\"https:\\\/\\\/greenreality.mauri.posso.fi\\\/wp-content\\\/uploads\\\/2026\\\/04\\\/Logo_taustalla.svg\",\"contentUrl\":\"https:\\\/\\\/greenreality.mauri.posso.fi\\\/wp-content\\\/uploads\\\/2026\\\/04\\\/Logo_taustalla.svg\",\"caption\":\"Greenreality\"},\"image\":{\"@id\":\"https:\\\/\\\/greenreality.mauri.posso.fi\\\/#\\\/schema\\\/logo\\\/image\\\/\"}}]}<\/script>\n<!-- \/ Yoast SEO plugin. -->","yoast_head_json":{"title":"Events - Greenreality","robots":{"index":"noindex","follow":"follow","max-snippet":"max-snippet:-1","max-image-preview":"max-image-preview:large","max-video-preview":"max-video-preview:-1"},"og_locale":"en_US","og_type":"article","og_title":"Events - Greenreality","og_url":"https:\/\/greenreality.mauri.posso.fi\/en\/events\/","og_site_name":"Greenreality","article_modified_time":"2026-04-23T06:54:34+00:00","twitter_card":"summary_large_image","schema":{"@context":"https:\/\/schema.org","@graph":[{"@type":"WebPage","@id":"https:\/\/greenreality.mauri.posso.fi\/en\/events\/","url":"https:\/\/greenreality.mauri.posso.fi\/en\/events\/","name":"Events - Greenreality","isPartOf":{"@id":"https:\/\/greenreality.mauri.posso.fi\/#website"},"datePublished":"2026-04-23T06:49:11+00:00","dateModified":"2026-04-23T06:54:34+00:00","breadcrumb":{"@id":"https:\/\/greenreality.mauri.posso.fi\/en\/events\/#breadcrumb"},"inLanguage":"en-US","potentialAction":[{"@type":"ReadAction","target":["https:\/\/greenreality.mauri.posso.fi\/en\/events\/"]}]},{"@type":"BreadcrumbList","@id":"https:\/\/greenreality.mauri.posso.fi\/en\/events\/#breadcrumb","itemListElement":[{"@type":"ListItem","position":1,"name":"Etusivu","item":"https:\/\/greenreality.mauri.posso.fi\/en\/"},{"@type":"ListItem","position":2,"name":"Events"}]},{"@type":"WebSite","@id":"https:\/\/greenreality.mauri.posso.fi\/#website","url":"https:\/\/greenreality.mauri.posso.fi\/","name":"Greenreality","description":"","publisher":{"@id":"https:\/\/greenreality.mauri.posso.fi\/#organization"},"potentialAction":[{"@type":"SearchAction","target":{"@type":"EntryPoint","urlTemplate":"https:\/\/greenreality.mauri.posso.fi\/?s={search_term_string}"},"query-input":{"@type":"PropertyValueSpecification","valueRequired":true,"valueName":"search_term_string"}}],"inLanguage":"en-US"},{"@type":"Organization","@id":"https:\/\/greenreality.mauri.posso.fi\/#organization","name":"Greenreality","url":"https:\/\/greenreality.mauri.posso.fi\/","logo":{"@type":"ImageObject","inLanguage":"en-US","@id":"https:\/\/greenreality.mauri.posso.fi\/#\/schema\/logo\/image\/","url":"https:\/\/greenreality.mauri.posso.fi\/wp-content\/uploads\/2026\/04\/Logo_taustalla.svg","contentUrl":"https:\/\/greenreality.mauri.posso.fi\/wp-content\/uploads\/2026\/04\/Logo_taustalla.svg","caption":"Greenreality"},"image":{"@id":"https:\/\/greenreality.mauri.posso.fi\/#\/schema\/logo\/image\/"}}]}},"_links":{"self":[{"href":"https:\/\/greenreality.mauri.posso.fi\/en\/wp-json\/wp\/v2\/pages\/8638","targetHints":{"allow":["GET"]}}],"collection":[{"href":"https:\/\/greenreality.mauri.posso.fi\/en\/wp-json\/wp\/v2\/pages"}],"about":[{"href":"https:\/\/greenreality.mauri.posso.fi\/en\/wp-json\/wp\/v2\/types\/page"}],"author":[{"embeddable":true,"href":"https:\/\/greenreality.mauri.posso.fi\/en\/wp-json\/wp\/v2\/users\/1"}],"replies":[{"embeddable":true,"href":"https:\/\/greenreality.mauri.posso.fi\/en\/wp-json\/wp\/v2\/comments?post=8638"}],"version-history":[{"count":1,"href":"https:\/\/greenreality.mauri.posso.fi\/en\/wp-json\/wp\/v2\/pages\/8638\/revisions"}],"predecessor-version":[{"id":8639,"href":"https:\/\/greenreality.mauri.posso.fi\/en\/wp-json\/wp\/v2\/pages\/8638\/revisions\/8639"}],"wp:attachment":[{"href":"https:\/\/greenreality.mauri.posso.fi\/en\/wp-json\/wp\/v2\/media?parent=8638"}],"curies":[{"name":"wp","href":"https:\/\/api.w.org\/{rel}","templated":true}]}}